{"id":60,"date":"2025-11-04T19:31:43","date_gmt":"2025-11-04T19:31:43","guid":{"rendered":"https:\/\/robmec.uaz.edu.mx\/?page_id=60"},"modified":"2025-11-04T19:35:10","modified_gmt":"2025-11-04T19:35:10","slug":"objetivos","status":"publish","type":"page","link":"https:\/\/robmec.uaz.edu.mx\/?page_id=60","title":{"rendered":"Objetivos"},"content":{"rendered":"\t\t<div data-elementor-type=\"wp-page\" data-elementor-id=\"60\" class=\"elementor elementor-60\">\n\t\t\t\t<div class=\"elementor-element elementor-element-be29c64 e-flex e-con-boxed e-con e-parent\" data-id=\"be29c64\" data-element_type=\"container\" data-e-type=\"container\">\n\t\t\t\t\t<div class=\"e-con-inner\">\n\t\t\t\t<div class=\"elementor-element elementor-element-77c4d71 elementor-widget elementor-widget-heading\" data-id=\"77c4d71\" data-element_type=\"widget\" data-e-type=\"widget\" data-widget_type=\"heading.default\">\n\t\t\t\t\t<h2 class=\"elementor-heading-title elementor-size-default\">Objetivos<\/h2>\t\t\t\t<\/div>\n\t\t\t\t<div class=\"elementor-element elementor-element-8f674c8 elementor-widget-divider--view-line elementor-widget elementor-widget-divider\" data-id=\"8f674c8\" data-element_type=\"widget\" data-e-type=\"widget\" data-widget_type=\"divider.default\">\n\t\t\t\t\t\t\t<div class=\"elementor-divider\">\n\t\t\t<span class=\"elementor-divider-separator\">\n\t\t\t\t\t\t<\/span>\n\t\t<\/div>\n\t\t\t\t\t\t<\/div>\n\t\t\t\t\t<\/div>\n\t\t\t\t<\/div>\n\t\t<div class=\"elementor-element elementor-element-e0f1533 e-flex e-con-boxed e-con e-parent\" data-id=\"e0f1533\" data-element_type=\"container\" data-e-type=\"container\">\n\t\t\t\t\t<div class=\"e-con-inner\">\n\t\t\t\t<div class=\"elementor-element elementor-element-e87f15c elementor-widget elementor-widget-text-editor\" data-id=\"e87f15c\" data-element_type=\"widget\" data-e-type=\"widget\" data-widget_type=\"text-editor.default\">\n\t\t\t\t\t\t\t\t\t<ol><li><strong>Formar profesionales con conocimientos b\u00e1sicos y multidisciplinarios<\/strong>: Proporcionar a los estudiantes una formaci\u00f3n s\u00f3lida en los fundamentos de la ingenier\u00eda, abarcando \u00e1reas como la mec\u00e1nica, electr\u00f3nica, inform\u00e1tica y sistemas de control, que les permitan comprender y abordar problemas complejos en el \u00e1mbito de la rob\u00f3tica y mecatr\u00f3nica.<\/li><li><strong>Desarrollar competencias t\u00e9cnicas y habilidades pr\u00e1cticas<\/strong>: Fomentar en los estudiantes las competencias t\u00e9cnicas necesarias para el dise\u00f1o, an\u00e1lisis y mejora de sistemas tecnol\u00f3gicos, asegurando una formaci\u00f3n pr\u00e1ctica a trav\u00e9s de actividades en laboratorios y proyectos vinculados al sector industrial.<\/li><li><strong>Promover la capacidad de gesti\u00f3n de proyectos tecnol\u00f3gicos<\/strong>: Preparar a los estudiantes para gestionar proyectos tecnol\u00f3gicos mediante la planificaci\u00f3n, integraci\u00f3n y administraci\u00f3n de recursos, con un enfoque en la colaboraci\u00f3n efectiva y el trabajo en equipo.<\/li><li><strong>Fomentar la investigaci\u00f3n y la actualizaci\u00f3n continua<\/strong>: Promover el inter\u00e9s por la investigaci\u00f3n aplicada y la actualizaci\u00f3n constante de los conocimientos, incentivando a los estudiantes a participar en proyectos de investigaci\u00f3n y desarrollo que contribuyan a su formaci\u00f3n acad\u00e9mica y profesional.<\/li><li><strong>Impulsar una formaci\u00f3n integral y emprendedora<\/strong>: Desarrollar una formaci\u00f3n integral que incluya competencias t\u00e9cnicas, creativas y emprendedoras, brindando a los estudiantes las herramientas para identificar oportunidades de negocio y proponer soluciones innovadoras en el campo de la rob\u00f3tica y mecatr\u00f3nica.<\/li><li><strong>Preparar a los egresados para el entorno laboral<\/strong>: Dotar a los estudiantes de habilidades profesionales que les permitan adaptarse al entorno laboral, tanto en el \u00e1mbito p\u00fablico como privado, asegurando su estabilidad y crecimiento profesional a trav\u00e9s de una formaci\u00f3n que responda a las necesidades del sector industrial.<\/li><\/ol>\t\t\t\t\t\t\t\t<\/div>\n\t\t\t\t\t<\/div>\n\t\t\t\t<\/div>\n\t\t\t\t<\/div>\n\t\t","protected":false},"excerpt":{"rendered":"<p>Objetivos Formar profesionales con conocimientos b\u00e1sicos y multidisciplinarios: Proporcionar a los estudiantes una formaci\u00f3n s\u00f3lida en los fundamentos de la ingenier\u00eda, abarcando \u00e1reas como la mec\u00e1nica, electr\u00f3nica, inform\u00e1tica y sistemas de control, que les permitan comprender y abordar problemas complejos en el \u00e1mbito de la rob\u00f3tica y mecatr\u00f3nica. Desarrollar competencias t\u00e9cnicas y habilidades pr\u00e1cticas: Fomentar <a class=\"read-more\" href=\"https:\/\/robmec.uaz.edu.mx\/?page_id=60\">Read More<\/a><\/p>\n","protected":false},"author":1,"featured_media":0,"parent":0,"menu_order":0,"comment_status":"closed","ping_status":"closed","template":"","meta":{"footnotes":""},"class_list":["post-60","page","type-page","status-publish","hentry"],"_links":{"self":[{"href":"https:\/\/robmec.uaz.edu.mx\/index.php?rest_route=\/wp\/v2\/pages\/60","targetHints":{"allow":["GET"]}}],"collection":[{"href":"https:\/\/robmec.uaz.edu.mx\/index.php?rest_route=\/wp\/v2\/pages"}],"about":[{"href":"https:\/\/robmec.uaz.edu.mx\/index.php?rest_route=\/wp\/v2\/types\/page"}],"author":[{"embeddable":true,"href":"https:\/\/robmec.uaz.edu.mx\/index.php?rest_route=\/wp\/v2\/users\/1"}],"replies":[{"embeddable":true,"href":"https:\/\/robmec.uaz.edu.mx\/index.php?rest_route=%2Fwp%2Fv2%2Fcomments&post=60"}],"version-history":[{"count":14,"href":"https:\/\/robmec.uaz.edu.mx\/index.php?rest_route=\/wp\/v2\/pages\/60\/revisions"}],"predecessor-version":[{"id":74,"href":"https:\/\/robmec.uaz.edu.mx\/index.php?rest_route=\/wp\/v2\/pages\/60\/revisions\/74"}],"wp:attachment":[{"href":"https:\/\/robmec.uaz.edu.mx\/index.php?rest_route=%2Fwp%2Fv2%2Fmedia&parent=60"}],"curies":[{"name":"wp","href":"https:\/\/api.w.org\/{rel}","templated":true}]}}