{"id":54,"date":"2025-11-04T19:15:38","date_gmt":"2025-11-04T19:15:38","guid":{"rendered":"https:\/\/robmec.uaz.edu.mx\/?page_id=54"},"modified":"2025-11-04T19:28:53","modified_gmt":"2025-11-04T19:28:53","slug":"mision-y-vision","status":"publish","type":"page","link":"https:\/\/robmec.uaz.edu.mx\/?page_id=54","title":{"rendered":"Misi\u00f3n y Visi\u00f3n"},"content":{"rendered":"\t\t<div data-elementor-type=\"wp-page\" data-elementor-id=\"54\" class=\"elementor elementor-54\">\n\t\t\t\t<div class=\"elementor-element elementor-element-083fe20 e-flex e-con-boxed e-con e-parent\" data-id=\"083fe20\" data-element_type=\"container\" data-e-type=\"container\">\n\t\t\t\t\t<div class=\"e-con-inner\">\n\t\t\t\t<div class=\"elementor-element elementor-element-9e5a302 elementor-widget elementor-widget-heading\" data-id=\"9e5a302\" data-element_type=\"widget\" data-e-type=\"widget\" data-widget_type=\"heading.default\">\n\t\t\t\t\t<h2 class=\"elementor-heading-title elementor-size-default\">Misi\u00f3n y Visi\u00f3n<\/h2>\t\t\t\t<\/div>\n\t\t\t\t<div class=\"elementor-element elementor-element-51a2365 elementor-widget-divider--view-line elementor-widget elementor-widget-divider\" data-id=\"51a2365\" data-element_type=\"widget\" data-e-type=\"widget\" data-widget_type=\"divider.default\">\n\t\t\t\t\t\t\t<div class=\"elementor-divider\">\n\t\t\t<span class=\"elementor-divider-separator\">\n\t\t\t\t\t\t<\/span>\n\t\t<\/div>\n\t\t\t\t\t\t<\/div>\n\t\t\t\t\t<\/div>\n\t\t\t\t<\/div>\n\t\t<div class=\"elementor-element elementor-element-6dce957 e-grid e-con-boxed e-con e-parent\" data-id=\"6dce957\" data-element_type=\"container\" data-e-type=\"container\">\n\t\t\t\t\t<div class=\"e-con-inner\">\n\t\t\t\t<div class=\"elementor-element elementor-element-a70e263 elementor-widget elementor-widget-heading\" data-id=\"a70e263\" data-element_type=\"widget\" data-e-type=\"widget\" data-widget_type=\"heading.default\">\n\t\t\t\t\t<h2 class=\"elementor-heading-title elementor-size-default\">Misi\u00f3n<\/h2>\t\t\t\t<\/div>\n\t\t\t\t<div class=\"elementor-element elementor-element-817cc30 elementor-widget elementor-widget-heading\" data-id=\"817cc30\" data-element_type=\"widget\" data-e-type=\"widget\" data-widget_type=\"heading.default\">\n\t\t\t\t\t<h2 class=\"elementor-heading-title elementor-size-default\">Visi\u00f3n<\/h2>\t\t\t\t<\/div>\n\t\t\t\t\t<\/div>\n\t\t\t\t<\/div>\n\t\t<div class=\"elementor-element elementor-element-51a843c e-grid e-con-boxed e-con e-parent\" data-id=\"51a843c\" data-element_type=\"container\" data-e-type=\"container\">\n\t\t\t\t\t<div class=\"e-con-inner\">\n\t\t\t\t<div class=\"elementor-element elementor-element-e972aed elementor-widget elementor-widget-text-editor\" data-id=\"e972aed\" data-element_type=\"widget\" data-e-type=\"widget\" data-widget_type=\"text-editor.default\">\n\t\t\t\t\t\t\t\t\t<p>Formar profesionistas con conocimientos en el \u00e1rea de la Ingenier\u00eda en Rob\u00f3tica y Mecatr\u00f3nica en los campos de Automatizaci\u00f3n, Microsistemas, Cibern\u00e9tica, Mecatr\u00f3nica, Rob\u00f3tica y Biom\u00e9dica; con capacidad y habilidades de generar soluciones de ingenier\u00eda para responder a las necesidades del sector industrial, acad\u00e9mico y social. Contribuir adem\u00e1s al desarrollo sustentable, cient\u00edfico, tecnol\u00f3gico y econ\u00f3mico de la regi\u00f3n y el pa\u00eds, mediante la generaci\u00f3n, aplicaci\u00f3n, difusi\u00f3n y transferencia del conocimiento.<\/p>\t\t\t\t\t\t\t\t<\/div>\n\t\t\t\t<div class=\"elementor-element elementor-element-dcd941e elementor-widget elementor-widget-text-editor\" data-id=\"dcd941e\" data-element_type=\"widget\" data-e-type=\"widget\" data-widget_type=\"text-editor.default\">\n\t\t\t\t\t\t\t\t\t<p>Ser un programa de excelencia reconocido a nivel nacional e internacional por la formaci\u00f3n de ingenieros en Rob\u00f3tica y Mecatr\u00f3nica con competencias en Automatizaci\u00f3n, Cibern\u00e9tica, Biom\u00e9dica y Microsistemas. Un programa comprometido con la innovaci\u00f3n, el desarrollo tecnol\u00f3gico y la transferencia de conocimiento, que contribuya al crecimiento sostenible de la regi\u00f3n y del pa\u00eds, promoviendo soluciones integrales para los desaf\u00edos industriales,acad\u00e9micos y sociales.<\/p>\t\t\t\t\t\t\t\t<\/div>\n\t\t\t\t\t<\/div>\n\t\t\t\t<\/div>\n\t\t\t\t<\/div>\n\t\t","protected":false},"excerpt":{"rendered":"<p>Misi\u00f3n y Visi\u00f3n Misi\u00f3n Visi\u00f3n Formar profesionistas con conocimientos en el \u00e1rea de la Ingenier\u00eda en Rob\u00f3tica y Mecatr\u00f3nica en los campos de Automatizaci\u00f3n, Microsistemas, Cibern\u00e9tica, Mecatr\u00f3nica, Rob\u00f3tica y Biom\u00e9dica; con capacidad y habilidades de generar soluciones de ingenier\u00eda para responder a las necesidades del sector industrial, acad\u00e9mico y social. Contribuir adem\u00e1s al desarrollo sustentable, <a class=\"read-more\" href=\"https:\/\/robmec.uaz.edu.mx\/?page_id=54\">Read More<\/a><\/p>\n","protected":false},"author":1,"featured_media":0,"parent":0,"menu_order":0,"comment_status":"closed","ping_status":"closed","template":"","meta":{"footnotes":""},"class_list":["post-54","page","type-page","status-publish","hentry"],"_links":{"self":[{"href":"https:\/\/robmec.uaz.edu.mx\/index.php?rest_route=\/wp\/v2\/pages\/54","targetHints":{"allow":["GET"]}}],"collection":[{"href":"https:\/\/robmec.uaz.edu.mx\/index.php?rest_route=\/wp\/v2\/pages"}],"about":[{"href":"https:\/\/robmec.uaz.edu.mx\/index.php?rest_route=\/wp\/v2\/types\/page"}],"author":[{"embeddable":true,"href":"https:\/\/robmec.uaz.edu.mx\/index.php?rest_route=\/wp\/v2\/users\/1"}],"replies":[{"embeddable":true,"href":"https:\/\/robmec.uaz.edu.mx\/index.php?rest_route=%2Fwp%2Fv2%2Fcomments&post=54"}],"version-history":[{"count":4,"href":"https:\/\/robmec.uaz.edu.mx\/index.php?rest_route=\/wp\/v2\/pages\/54\/revisions"}],"predecessor-version":[{"id":58,"href":"https:\/\/robmec.uaz.edu.mx\/index.php?rest_route=\/wp\/v2\/pages\/54\/revisions\/58"}],"wp:attachment":[{"href":"https:\/\/robmec.uaz.edu.mx\/index.php?rest_route=%2Fwp%2Fv2%2Fmedia&parent=54"}],"curies":[{"name":"wp","href":"https:\/\/api.w.org\/{rel}","templated":true}]}}