{"id":108,"date":"2025-11-20T15:07:43","date_gmt":"2025-11-20T15:07:43","guid":{"rendered":"https:\/\/robmec.uaz.edu.mx\/?page_id=108"},"modified":"2025-11-20T18:07:14","modified_gmt":"2025-11-20T18:07:14","slug":"perfil-de-egreso","status":"publish","type":"page","link":"https:\/\/robmec.uaz.edu.mx\/?page_id=108","title":{"rendered":"Perfil de Ingreso y Egreso"},"content":{"rendered":"\t\t<div data-elementor-type=\"wp-page\" data-elementor-id=\"108\" class=\"elementor elementor-108\">\n\t\t\t\t<div class=\"elementor-element elementor-element-8f38963 e-flex e-con-boxed e-con e-parent\" data-id=\"8f38963\" data-element_type=\"container\" data-e-type=\"container\">\n\t\t\t\t\t<div class=\"e-con-inner\">\n\t\t\t\t<div class=\"elementor-element elementor-element-79568a1 elementor-widget elementor-widget-heading\" data-id=\"79568a1\" data-element_type=\"widget\" data-e-type=\"widget\" data-widget_type=\"heading.default\">\n\t\t\t\t\t<h2 class=\"elementor-heading-title elementor-size-default\">Perfil de Ingreso y Egreso<\/h2>\t\t\t\t<\/div>\n\t\t\t\t<div class=\"elementor-element elementor-element-131897c elementor-widget-divider--view-line elementor-widget elementor-widget-divider\" data-id=\"131897c\" data-element_type=\"widget\" data-e-type=\"widget\" data-widget_type=\"divider.default\">\n\t\t\t\t\t\t\t<div class=\"elementor-divider\">\n\t\t\t<span class=\"elementor-divider-separator\">\n\t\t\t\t\t\t<\/span>\n\t\t<\/div>\n\t\t\t\t\t\t<\/div>\n\t\t<div class=\"elementor-element elementor-element-783e3bc e-grid e-con-full e-con e-child\" data-id=\"783e3bc\" data-element_type=\"container\" data-e-type=\"container\">\n\t\t\t\t<div class=\"elementor-element elementor-element-af88ac7 elementor-widget elementor-widget-heading\" data-id=\"af88ac7\" data-element_type=\"widget\" data-e-type=\"widget\" data-widget_type=\"heading.default\">\n\t\t\t\t\t<h2 class=\"elementor-heading-title elementor-size-default\">Ingreso<\/h2>\t\t\t\t<\/div>\n\t\t\t\t<div class=\"elementor-element elementor-element-8467740 elementor-widget elementor-widget-text-editor\" data-id=\"8467740\" data-element_type=\"widget\" data-e-type=\"widget\" data-widget_type=\"text-editor.default\">\n\t\t\t\t\t\t\t\t\t<ul><li>Orientaci\u00f3n F\u00edsico-Matem\u00e1tico<\/li><li>Bachillerato General<\/li><\/ul>\t\t\t\t\t\t\t\t<\/div>\n\t\t\t\t<div class=\"elementor-element elementor-element-42e7346 elementor-widget elementor-widget-heading\" data-id=\"42e7346\" data-element_type=\"widget\" data-e-type=\"widget\" data-widget_type=\"heading.default\">\n\t\t\t\t\t<h2 class=\"elementor-heading-title elementor-size-default\">Egreso<\/h2>\t\t\t\t<\/div>\n\t\t\t\t<div class=\"elementor-element elementor-element-e414cda elementor-widget elementor-widget-text-editor\" data-id=\"e414cda\" data-element_type=\"widget\" data-e-type=\"widget\" data-widget_type=\"text-editor.default\">\n\t\t\t\t\t\t\t\t\t<p>Adquirir\u00e1s conocimientos s\u00f3lidos, habilidad de aprendizaje autodirigido y liderazgo para trabajar en proyectos tecnol\u00f3gicos, de mantenimiento, manufactura, ensamble, consultor\u00eda y gesti\u00f3n, supervisi\u00f3n de calidad en empresas del sector p\u00fablico o privado, as\u00ed como actividades acad\u00e9micas.<\/p>\t\t\t\t\t\t\t\t<\/div>\n\t\t\t\t<\/div>\n\t\t\t\t\t<\/div>\n\t\t\t\t<\/div>\n\t\t\t\t<\/div>\n\t\t","protected":false},"excerpt":{"rendered":"<p>Perfil de Ingreso y Egreso Ingreso Orientaci\u00f3n F\u00edsico-Matem\u00e1tico Bachillerato General Egreso Adquirir\u00e1s conocimientos s\u00f3lidos, habilidad de aprendizaje autodirigido y liderazgo para trabajar en proyectos tecnol\u00f3gicos, de mantenimiento, manufactura, ensamble, consultor\u00eda y gesti\u00f3n, supervisi\u00f3n de calidad en empresas del sector p\u00fablico o privado, as\u00ed como actividades acad\u00e9micas.<\/p>\n","protected":false},"author":1,"featured_media":0,"parent":0,"menu_order":0,"comment_status":"closed","ping_status":"closed","template":"","meta":{"footnotes":""},"class_list":["post-108","page","type-page","status-publish","hentry"],"_links":{"self":[{"href":"https:\/\/robmec.uaz.edu.mx\/index.php?rest_route=\/wp\/v2\/pages\/108","targetHints":{"allow":["GET"]}}],"collection":[{"href":"https:\/\/robmec.uaz.edu.mx\/index.php?rest_route=\/wp\/v2\/pages"}],"about":[{"href":"https:\/\/robmec.uaz.edu.mx\/index.php?rest_route=\/wp\/v2\/types\/page"}],"author":[{"embeddable":true,"href":"https:\/\/robmec.uaz.edu.mx\/index.php?rest_route=\/wp\/v2\/users\/1"}],"replies":[{"embeddable":true,"href":"https:\/\/robmec.uaz.edu.mx\/index.php?rest_route=%2Fwp%2Fv2%2Fcomments&post=108"}],"version-history":[{"count":11,"href":"https:\/\/robmec.uaz.edu.mx\/index.php?rest_route=\/wp\/v2\/pages\/108\/revisions"}],"predecessor-version":[{"id":119,"href":"https:\/\/robmec.uaz.edu.mx\/index.php?rest_route=\/wp\/v2\/pages\/108\/revisions\/119"}],"wp:attachment":[{"href":"https:\/\/robmec.uaz.edu.mx\/index.php?rest_route=%2Fwp%2Fv2%2Fmedia&parent=108"}],"curies":[{"name":"wp","href":"https:\/\/api.w.org\/{rel}","templated":true}]}}